{"id":1373,"date":"2022-07-03T23:17:06","date_gmt":"2022-07-03T21:17:06","guid":{"rendered":"http:\/\/localhost\/hotel\/?page_id=1373"},"modified":"2022-12-01T00:07:34","modified_gmt":"2022-12-01T00:07:34","slug":"apropos-de-nous","status":"publish","type":"page","link":"https:\/\/luxurypalaces.com\/index.php\/apropos-de-nous\/","title":{"rendered":"Apropos de nous"},"content":{"rendered":"<p>[vc_row content_placement=\u00a0\u00bbmiddle\u00a0\u00bb css=\u00a0\u00bb.vc_custom_1669848338651{border-bottom-width: 40px !important;padding-top: 40px !important;}\u00a0\u00bb][vc_column][vc_separator color=\u00a0\u00bbwhite\u00a0\u00bb border_width=\u00a0\u00bb2&Prime;][\/vc_column][\/vc_row][vc_row][vc_column width=\u00a0\u00bb1\/2&Prime;][vc_single_image image=\u00a0\u00bb1451&Prime; img_size=\u00a0\u00bbfull\u00a0\u00bb][vc_row_inner][vc_column_inner][vc_empty_space height=\u00a0\u00bb10px\u00a0\u00bb][\/vc_column_inner][\/vc_row_inner][vc_row_inner][vc_column_inner][vc_single_image image=\u00a0\u00bb1465&Prime; img_size=\u00a0\u00bbfull\u00a0\u00bb][\/vc_column_inner][\/vc_row_inner][\/vc_column][vc_column width=\u00a0\u00bb1\/2&Prime;] <h4 style=\"color:#000000; padding:px; text-align:; font-size:px; line-height:px; letter-spacing: px; font-weight:;\" class=\"   nd_options_first_font \">Luxury Palace H\u00f4tel &amp; Lounge sis \u00e0 Niamana sur la route de \u201cBakorobabougou\u201c juste apr\u00e8s \u201cwara ka sirafara\u201c de Yirimadio. Une imposante cr\u00e9ation qui vous fait plonger dans une autre dimension de l\u2019h\u00f4tellerie de luxe.<\/h4> [vc_empty_space][vc_row_inner][vc_column_inner] <h4 style=\"color:#000000; padding:px; text-align:; font-size:px; line-height:px; letter-spacing: px; font-weight:bold;\" class=\"    \">Le concept si luxuriant, se d\u00e9finit \u00e0 travers nos suites et single ultra luxueux, le jardin (El Patio) avec une piscine chauffante, un jacuzzi ext\u00e9rieur, un \u00ab Open Bar \u00bb, un salon \u00ab Club Investisseurs \u00bb, un salon intime \u00ab Le Millionnaire \u00bb, et la terrasse \u00ab Mojito \u00bb en hauteur vous donnent une sensation du \u201cDUBAI \u00e0 Bamako\u201c.<\/h4> [\/vc_column_inner][\/vc_row_inner][vc_row_inner][vc_column_inner][vc_empty_space][\/vc_column_inner][\/vc_row_inner][vc_row_inner][vc_column_inner] <h4 style=\"color:#000000; padding:px; text-align:; font-size:px; line-height:px; letter-spacing: px; font-weight:bold;\" class=\"    \">A bord du jardin \u00ab El Patio \u00bb, deux larges projections du style \u201cTime Square\u201c avec l\u2019option selfie en live, compatibles avec les smart phones et applications Android.<\/h4> [\/vc_column_inner][\/vc_row_inner][vc_row_inner][vc_column_inner][\/vc_column_inner][\/vc_row_inner] <h4 style=\"color:#000000; padding:px; text-align:; font-size:px; line-height:px; letter-spacing: px; font-weight:bold;\" class=\"    \">La terrasse \u00ab Mojito \u00bb l\u2019altitude du r\u00e9ceptif, une autre dimension de luxe, avec vue sur le jardin \u00ab El Patio \u00bb et la ville de Bamako, un espace amovible pouvant abriter les ateliers ou conf\u00e9rences.<\/h4> [vc_row_inner][vc_column_inner][vc_empty_space][\/vc_column_inner][\/vc_row_inner][vc_row_inner][vc_column_inner] <h4 style=\"color:#000000; padding:px; text-align:; font-size:px; line-height:px; letter-spacing: px; font-weight:bold;\" class=\"    \">Une passerelle lumineuse donnant l\u2019impression du pont \u00ac\u201cBrooklyn Bridge\u201c, reliant le jardin \u00ab El Patio \u00bb et la terrasse \u00ab Mojito \u00bb, avec une plateforme de \u201clive music\u201c en arri\u00e8re-plan. Savourez la musique live compos\u00e9e de musiciens internationaux et professionnels de talent.<\/h4> [\/vc_column_inner][\/vc_row_inner][vc_row_inner][vc_column_inner][vc_empty_space][\/vc_column_inner][\/vc_row_inner][vc_row_inner][vc_column_inner] <h4 style=\"color:#000000; padding:px; text-align:; font-size:px; line-height:px; letter-spacing: px; font-weight:bold;\" class=\"    \">\u00c0 30 minutes de l\u2019A\u00e9roport International Modibo KEITA et \u00e0 15 min du Stade du 26 mars, LUXURY PALACE vous attend entre les collines panoramiques de Yirimadio.<\/h4> [\/vc_column_inner][\/vc_row_inner][\/vc_column][\/vc_row][vc_row css=\u00a0\u00bb.vc_custom_1669848472455{border-top-width: 40px !important;}\u00a0\u00bb][vc_column][\/vc_column][\/vc_row]<\/p>\n","protected":false},"excerpt":{"rendered":"<p>[vc_row content_placement=\u00a0\u00bbmiddle\u00a0\u00bb css=\u00a0\u00bb.vc_custom_1669848338651{border-bottom-width: 40px !important;padding-top: 40px !important;}\u00a0\u00bb][vc_column][vc_separator color=\u00a0\u00bbwhite\u00a0\u00bb border_width=\u00a0\u00bb2&Prime;][\/vc_column][\/vc_row][vc_row][vc_column width=\u00a0\u00bb1\/2&Prime;][vc_single_image image=\u00a0\u00bb1451&Prime; img_size=\u00a0\u00bbfull\u00a0\u00bb][vc_row_inner][vc_column_inner][vc_empty_space height=\u00a0\u00bb10px\u00a0\u00bb][\/vc_column_inner][\/vc_row_inner][vc_row_inner][vc_column_inner][vc_single_image image=\u00a0\u00bb1465&Prime; img_size=\u00a0\u00bbfull\u00a0\u00bb][\/vc_column_inner][\/vc_row_inner][\/vc_column][vc_column width=\u00a0\u00bb1\/2&Prime;][vc_empty_space][vc_row_inner][vc_column_inner][\/vc_column_inner][\/vc_row_inner][vc_row_inner][vc_column_inner][vc_empty_space][\/vc_column_inner][\/vc_row_inner][vc_row_inner][vc_column_inner][\/vc_column_inner][\/vc_row_inner][vc_row_inner][vc_column_inner][\/vc_column_inner][\/vc_row_inner][vc_row_inner][vc_column_inner][vc_empty_space][\/vc_column_inner][\/vc_row_inner][vc_row_inner][vc_column_inner][\/vc_column_inner][\/vc_row_inner][vc_row_inner][vc_column_inner][vc_empty_space][\/vc_column_inner][\/vc_row_inner][vc_row_inner][vc_column_inner][\/vc_column_inner][\/vc_row_inner][\/vc_column][\/vc_row][vc_row css=\u00a0\u00bb.vc_custom_1669848472455{border-top-width: 40px !important;}\u00a0\u00bb][vc_column][\/vc_column][\/vc_row]<\/p>\n","protected":false},"author":1,"featured_media":0,"parent":0,"menu_order":0,"comment_status":"closed","ping_status":"closed","template":"","meta":{"footnotes":""},"class_list":["post-1373","page","type-page","status-publish","hentry"],"_links":{"self":[{"href":"https:\/\/luxurypalaces.com\/index.php\/wp-json\/wp\/v2\/pages\/1373","targetHints":{"allow":["GET"]}}],"collection":[{"href":"https:\/\/luxurypalaces.com\/index.php\/wp-json\/wp\/v2\/pages"}],"about":[{"href":"https:\/\/luxurypalaces.com\/index.php\/wp-json\/wp\/v2\/types\/page"}],"author":[{"embeddable":true,"href":"https:\/\/luxurypalaces.com\/index.php\/wp-json\/wp\/v2\/users\/1"}],"replies":[{"embeddable":true,"href":"https:\/\/luxurypalaces.com\/index.php\/wp-json\/wp\/v2\/comments?post=1373"}],"version-history":[{"count":28,"href":"https:\/\/luxurypalaces.com\/index.php\/wp-json\/wp\/v2\/pages\/1373\/revisions"}],"predecessor-version":[{"id":1510,"href":"https:\/\/luxurypalaces.com\/index.php\/wp-json\/wp\/v2\/pages\/1373\/revisions\/1510"}],"wp:attachment":[{"href":"https:\/\/luxurypalaces.com\/index.php\/wp-json\/wp\/v2\/media?parent=1373"}],"curies":[{"name":"wp","href":"https:\/\/api.w.org\/{rel}","templated":true}]}}